{"id":11304,"date":"2020-05-18T18:08:26","date_gmt":"2020-05-18T16:08:26","guid":{"rendered":"https:\/\/crabaisurgery.com\/?page_id=11304"},"modified":"2020-09-10T16:58:52","modified_gmt":"2020-09-10T14:58:52","slug":"liposuzione-2","status":"publish","type":"page","link":"https:\/\/crabaisurgery.com\/it\/liposuzione-2\/","title":{"rendered":"LIPOSUZIONE"},"content":{"rendered":"<p>[vc_empty_space height=&#8221;5px&#8221;]<img decoding=\"async\" loading=\"lazy\" class=\" wp-image-11613 aligncenter\" src=\"https:\/\/crabaisurgery.com\/wp-content\/uploads\/2020\/06\/liposuzione-1024x441.jpg\" alt=\"\" width=\"738\" height=\"318\" srcset=\"https:\/\/crabaisurgery.com\/wp-content\/uploads\/2020\/06\/liposuzione-1024x441.jpg 1024w, https:\/\/crabaisurgery.com\/wp-content\/uploads\/2020\/06\/liposuzione-300x129.jpg 300w, https:\/\/crabaisurgery.com\/wp-content\/uploads\/2020\/06\/liposuzione-768x330.jpg 768w, https:\/\/crabaisurgery.com\/wp-content\/uploads\/2020\/06\/liposuzione.jpg 1920w\" sizes=\"(max-width: 738px) 100vw, 738px\" \/><\/p>\n<p>&nbsp;<\/p>\n<p>La <strong>liposuzione<\/strong> \u00e8 il trattamento finale e pi\u00f9 efficace per restituire la forma del corpo correggendone il volume, soprattutto nei casi pi\u00f9 difficili o fibroadiposi. \u00c8 un intervento che permette la rimozione delle cellule adipose, e del grasso localizzato nel corpo, tramite microcannule.<\/p>\n<p>La liposuzione \u00e8 uno degli interventi pi\u00f9 effettuati oggi e bisogna considerarlo un intervento sicuro quando viene effettuato correttamente: bisogna prima\u00a0controllare accuratamente le condizioni del paziente ed eseguirlo in strutture adatte e con la presenza di un anestesista.<\/p>\n<p>La liposuzione pu\u00f2 essere effettuata anestesia locale oppure in anestesia generale a seconda del volume del grasso da rimuovere o delle condizioni della paziente.<br \/>\nNon \u00e8 richiesto, nella maggioranza dei casi, un ricovero notturno in clinica.<\/p>\n<p>Tecnicamente l\u2019intervento viene effettuato dopo l\u2019infiltrazione dei tessuti con soluzione anestetica ad adrenaline, che possa ridurre il calibro dei vasi e far aspirare selettivamente il grasso senza creare perdite ematiche.<\/p>\n<p>Poi a seconda delle situazioni del paziente, e delle capacit\u00e0 del chirurgo, possono essere utilizzati dei macchinari che frammentano le cellule adipose trami LASER o ULTRASUONI. Questo pretrattamento permette di essere meno invasivi nei tessuti, di ridurre solo il grasso e di creare tensione nella pelle a livello superficiale. L\u2019asportazione del grasso avviene alla fine con cannule piccolissime che non creano traumi nei tessuti.<\/p>\n<p>Dopo l\u2019intervento di chirurgia estetica, di solito viene chiesto di indossare una guaina contenitiva per 2\/3 settimane, per permettre ai tessuti di adattarsi alla nuova forma e per evitare il gonfiore.<\/p>\n<p>[vc_row_inner][vc_column_inner width=&#8221;1\/3&#8243;]<div class='dt-sc-icon-box type8 no-icon-bg'><div class=\"icon-wrapper\"><span class='fa fa-tags'> <\/span><\/div><div class=\"icon-content\"><h5>PREZZO CHIRURGIA<\/h5><h4>Da 3500\u20ac a 7500\u20ac<\/h4><p><\/p><\/div><\/div>[\/vc_column_inner][vc_column_inner width=&#8221;1\/3&#8243;]<div class='dt-sc-icon-box type8 no-icon-bg'><div class=\"icon-wrapper\"><span class='fa fa-heartbeat'> <\/span><\/div><div class=\"icon-content\"><h5>DEGENZA OSPEDALIERA<\/h5><h4>Day Surgery o overnight in clinica<\/h4><p><\/p><\/div><\/div>[\/vc_column_inner][vc_column_inner width=&#8221;1\/3&#8243;]<div class='dt-sc-icon-box type8 no-icon-bg'><div class=\"icon-wrapper\"><span class='fa fa-clock-o'> <\/span><\/div><div class=\"icon-content\"><h5>DURATA DELL'INTERVENTO <\/h5><h4>1 ora e 30 minuti<\/h4><p><\/p><\/div><\/div>[\/vc_column_inner][\/vc_row_inner][vc_row_inner el_id=&#8221;three&#8221; css=&#8221;.vc_custom_1523442191115{margin-top: 60px !important;}&#8221;][vc_column_inner][vc_column_text el_class=&#8221;inherit&#8221;]<\/p>\n","protected":false},"excerpt":{"rendered":"<p>[vc_empty_space height=&#8221;5px&#8221;] &nbsp; La liposuzione \u00e8 il trattamento finale e pi\u00f9 efficace per restituire la forma del corpo correggendone il volume, soprattutto nei casi pi\u00f9 difficili o fibroadiposi. \u00c8 un intervento che permette la rimozione delle cellule adipose, e del grasso localizzato nel corpo, tramite microcannule. La liposuzione \u00e8 uno degli interventi pi\u00f9 effettuati oggi [&hellip;]<\/p>\n","protected":false},"author":1,"featured_media":0,"parent":0,"menu_order":0,"comment_status":"closed","ping_status":"closed","template":"","meta":{"_bbp_topic_count":0,"_bbp_reply_count":0,"_bbp_total_topic_count":0,"_bbp_total_reply_count":0,"_bbp_voice_count":0,"_bbp_anonymous_reply_count":0,"_bbp_topic_count_hidden":0,"_bbp_reply_count_hidden":0,"_bbp_forum_subforum_count":0,"_mi_skip_tracking":false},"acf":[],"_links":{"self":[{"href":"https:\/\/crabaisurgery.com\/it\/wp-json\/wp\/v2\/pages\/11304"}],"collection":[{"href":"https:\/\/crabaisurgery.com\/it\/wp-json\/wp\/v2\/pages"}],"about":[{"href":"https:\/\/crabaisurgery.com\/it\/wp-json\/wp\/v2\/types\/page"}],"author":[{"embeddable":true,"href":"https:\/\/crabaisurgery.com\/it\/wp-json\/wp\/v2\/users\/1"}],"replies":[{"embeddable":true,"href":"https:\/\/crabaisurgery.com\/it\/wp-json\/wp\/v2\/comments?post=11304"}],"version-history":[{"count":8,"href":"https:\/\/crabaisurgery.com\/it\/wp-json\/wp\/v2\/pages\/11304\/revisions"}],"predecessor-version":[{"id":11785,"href":"https:\/\/crabaisurgery.com\/it\/wp-json\/wp\/v2\/pages\/11304\/revisions\/11785"}],"wp:attachment":[{"href":"https:\/\/crabaisurgery.com\/it\/wp-json\/wp\/v2\/media?parent=11304"}],"curies":[{"name":"wp","href":"https:\/\/api.w.org\/{rel}","templated":true}]}}