{"id":11210,"date":"2020-05-18T16:37:02","date_gmt":"2020-05-18T14:37:02","guid":{"rendered":"https:\/\/crabaisurgery.com\/?page_id=11210"},"modified":"2020-06-10T11:02:17","modified_gmt":"2020-06-10T09:02:17","slug":"rinoplastica","status":"publish","type":"page","link":"https:\/\/crabaisurgery.com\/it\/rinoplastica\/","title":{"rendered":"Rinoplastica"},"content":{"rendered":"<p>[vc_empty_space height=&#8221;5px&#8221;]<\/p>\n<p>La <strong>Rinoplastica<\/strong>, o <strong>intervento di correzione del naso<\/strong>, \u00e8 forse l\u2019intervento pi\u00f9 conosciuto e pi\u00f9 antico della chirurgia estetica. Si tratta del tipo di operazione che forse incide maggiormente nel cambiamento del viso.<\/p>\n<p>Nella prima visita col <strong>chirurgo estetico<\/strong> viene effettuato uno studio del viso e delle sue proporzioni, seguito da una serie di fotografie per verificare le deformit\u00e0. I desideri della paziente vengono ascoltati dalchirurgo che ne valuter\u00e0 la possibilit\u00e0 tecnica di attuazione.<\/p>\n<p>L\u2019intervento di <strong>Rinoplastica<\/strong>, in anestesia locale o generalea seconda della complessit\u00e0 del caso, consistenell\u2019effettuare un completo rimodernamento delle strutture ossee e cartilaginee per via endonasale interna (tecnica \u2018chiusa\u2019) o per via esterna (tecnica \u2018open\u2019) tramite invisibili incisioni. Se invece dev\u2019essere modificata solo la punta del naso, l\u2019intervento \u00e8 pi\u00f9 semplice e si effettua in anestesia locale.<\/p>\n<p>La durata dell\u2019operazione di Rinoplastica \u00e8 di circa un\u2019ora e per la paziente \u00e8 possibile tornare a casa la sera stessa.<\/p>\n<p>L\u2019intervento di per se non \u00e8 doloroso e i tamponi endonasali possono essere rimossi, nei casi pi\u00f9 semplici, il giorno seguente.<\/p>\n<p>Nel caso di un trattamento completo delle strutture nasali, sar\u00e0 necessario mantenere uno splint o struttura rigida che contenga le ossa nasali, percirca sette, diecigiorni; questo per evitare che qualche trauma involontario pregiudichi il risultato della <strong>chirurgia estetica<\/strong>.<\/p>\n<p>Il risultato dell\u2019avvenuto cambiamento sar\u00e0 visibile immediatamente anche se la completa guarigione avverr\u00e0 dopo alcune settimane o mesi .<\/p>\n<p>&nbsp;<\/p>\n<p><img decoding=\"async\" loading=\"lazy\" class=\" wp-image-11567 aligncenter\" src=\"https:\/\/crabaisurgery.com\/wp-content\/uploads\/2020\/06\/Rinoplastica-1-1024x556.jpg\" alt=\"\" width=\"771\" height=\"419\" srcset=\"https:\/\/crabaisurgery.com\/wp-content\/uploads\/2020\/06\/Rinoplastica-1-1024x556.jpg 1024w, https:\/\/crabaisurgery.com\/wp-content\/uploads\/2020\/06\/Rinoplastica-1-300x163.jpg 300w, https:\/\/crabaisurgery.com\/wp-content\/uploads\/2020\/06\/Rinoplastica-1-768x417.jpg 768w, https:\/\/crabaisurgery.com\/wp-content\/uploads\/2020\/06\/Rinoplastica-1.jpg 1800w\" sizes=\"(max-width: 771px) 100vw, 771px\" \/><\/p>\n<p>&nbsp;<\/p>\n<p>[vc_row_inner][vc_column_inner width=&#8221;1\/3&#8243;]<div class='dt-sc-icon-box type8 no-icon-bg'><div class=\"icon-wrapper\"><span class='fa fa-tags'> <\/span><\/div><div class=\"icon-content\"><h5>PREZZO CHIRURGIA<\/h5><h4>Da 3.500\u20ac a 7.500\u20ac<\/h4><p><\/p><\/div><\/div>[\/vc_column_inner][vc_column_inner width=&#8221;1\/3&#8243;]<div class='dt-sc-icon-box type8 no-icon-bg'><div class=\"icon-wrapper\"><span class='fa fa-heartbeat'> <\/span><\/div><div class=\"icon-content\"><h5>DEGENZA<\/h5><h4>Day Surgery o overnight in clinica<\/h4><p><\/p><\/div><\/div>[\/vc_column_inner][vc_column_inner width=&#8221;1\/3&#8243;]<div class='dt-sc-icon-box type8 no-icon-bg'><div class=\"icon-wrapper\"><span class='fa fa-clock-o'> <\/span><\/div><div class=\"icon-content\"><h5>DURATA OPERAZIONE<\/h5><h4>1 ora e 30 minuti<\/h4><p><\/p><\/div><\/div>[\/vc_column_inner][vc_column_inner][\/vc_column_inner][\/vc_row_inner][vc_row_inner el_id=&#8221;four&#8221; css=&#8221;.vc_custom_1462777191544{margin-bottom: 0px !important;}&#8221;][vc_column_inner][vc_empty_space height=&#8221;45px&#8221;][vc_column_text el_class=&#8221;inherit&#8221;]<\/p>\n","protected":false},"excerpt":{"rendered":"<p>[vc_empty_space height=&#8221;5px&#8221;] La Rinoplastica, o intervento di correzione del naso, \u00e8 forse l\u2019intervento pi\u00f9 conosciuto e pi\u00f9 antico della chirurgia estetica. Si tratta del tipo di operazione che forse incide maggiormente nel cambiamento del viso. Nella prima visita col chirurgo estetico viene effettuato uno studio del viso e delle sue proporzioni, seguito da una serie [&hellip;]<\/p>\n","protected":false},"author":1,"featured_media":0,"parent":0,"menu_order":0,"comment_status":"closed","ping_status":"closed","template":"","meta":{"_bbp_topic_count":0,"_bbp_reply_count":0,"_bbp_total_topic_count":0,"_bbp_total_reply_count":0,"_bbp_voice_count":0,"_bbp_anonymous_reply_count":0,"_bbp_topic_count_hidden":0,"_bbp_reply_count_hidden":0,"_bbp_forum_subforum_count":0,"_mi_skip_tracking":false},"acf":[],"_links":{"self":[{"href":"https:\/\/crabaisurgery.com\/it\/wp-json\/wp\/v2\/pages\/11210"}],"collection":[{"href":"https:\/\/crabaisurgery.com\/it\/wp-json\/wp\/v2\/pages"}],"about":[{"href":"https:\/\/crabaisurgery.com\/it\/wp-json\/wp\/v2\/types\/page"}],"author":[{"embeddable":true,"href":"https:\/\/crabaisurgery.com\/it\/wp-json\/wp\/v2\/users\/1"}],"replies":[{"embeddable":true,"href":"https:\/\/crabaisurgery.com\/it\/wp-json\/wp\/v2\/comments?post=11210"}],"version-history":[{"count":26,"href":"https:\/\/crabaisurgery.com\/it\/wp-json\/wp\/v2\/pages\/11210\/revisions"}],"predecessor-version":[{"id":11572,"href":"https:\/\/crabaisurgery.com\/it\/wp-json\/wp\/v2\/pages\/11210\/revisions\/11572"}],"wp:attachment":[{"href":"https:\/\/crabaisurgery.com\/it\/wp-json\/wp\/v2\/media?parent=11210"}],"curies":[{"name":"wp","href":"https:\/\/api.w.org\/{rel}","templated":true}]}}