{"id":11193,"date":"2020-05-18T16:11:17","date_gmt":"2020-05-18T14:11:17","guid":{"rendered":"https:\/\/crabaisurgery.com\/?page_id=11193"},"modified":"2020-07-21T12:00:47","modified_gmt":"2020-07-21T10:00:47","slug":"chirurgia-estetica-per-la-donna-2","status":"publish","type":"page","link":"https:\/\/crabaisurgery.com\/it\/chirurgia-estetica-per-la-donna-2\/","title":{"rendered":"Chirurgia estetica per la donna"},"content":{"rendered":"<p>[vc_row el_class=&#8221;dt_procedures&#8221;][vc_column width=&#8221;1\/3&#8243;][\/vc_column][vc_column width=&#8221;2\/3&#8243;][vc_row_inner el_id=&#8221;one&#8221;][vc_column_inner width=&#8221;1\/3&#8243;][vc_single_image image=&#8221;10251&#8243; img_size=&#8221;full&#8221; alignment=&#8221;center&#8221;][\/vc_column_inner][vc_column_inner width=&#8221;1\/3&#8243;][vc_single_image image=&#8221;10252&#8243; img_size=&#8221;full&#8221; alignment=&#8221;center&#8221;][\/vc_column_inner][vc_column_inner width=&#8221;1\/3&#8243;][vc_single_image image=&#8221;10255&#8243; img_size=&#8221;full&#8221; alignment=&#8221;center&#8221;][\/vc_column_inner][\/vc_row_inner][vc_column_text el_class=&#8221;inherit&#8221; css=&#8221;.vc_custom_1553705049054{margin-top: 5px !important;}&#8221;]<\/p>\n<h3><strong>Chirurgia estetica per la donna<br \/>\n<\/strong><\/h3>\n<p>[vc_empty_space height=&#8221;5px&#8221;]<\/p>\n<p>La <strong>chirurgia estetica<\/strong> \u00e8 un\u2019arte e come tale deve rispettare le proporzioni del corpo e correggerle quando non sono in armonia tra di loro. Le dimensioni del seno e dei fianchi sono in stretta relazione cos\u00ec come le linee del viso, e seguono rigide regole matematiche.<br \/>\nConsiderando quindi ci\u00f2, ogni intervento deve essere armonico e deve mettere in risalto la bellezza che \u00e8 in ognuno di noi seguendo\u00a0gli standard estetici.<\/p>\n<p>Per esempio rimodellare un seno significa creare o restituire i volumi ideali in un corpo seguendo le caratteristiche della donna. In questi anni l\u2019aumento di volume del seno come la Mastoplastica additiva \u00e8 diventata molto popolare sia per semplicit\u00e0 ditale intervento che per la sicurezza delle tecniche utilizzate. Infatti \u00e8 possibile scegliere per ogni fisico la forma e il volume con le nuove protesi per ottenere un risultato naturale. Il risultato con tale intervento \u00e8 immediato ed \u00e8 possibile il ritorno alla propria vita sociale in pochi giorni.<\/p>\n<p>Il <strong>rimodellamento del corpo<\/strong> prevede anch\u2019esso una armonizzazione delle forme, riducendo o ridistribuendo il grasso presente nell\u2019organismo. Talvolta, per aumentare il volume possono essere utilizzati i filler riassorbibili di nuova generazione.<\/p>\n<p>Il rimodellamento corporeo tramite <strong>Liposcultura <\/strong>\u00e8 oggi l\u2019intervento chirurgico pi\u00f9 effettuato e si pu\u00f2 considerare sicuro quando viene svolto nelle condizioni adeguate e su persone sane. Coi nuovi macchinari il rimodellamento del grasso risulta pi\u00f9 uniforme e pi\u00f9 sicuro. Anche in questi interventi il ritorno all\u2019attivit\u00e0 \u00e8 immediata.<\/p>\n<p>&nbsp;<\/p>\n<p>[vc_row_inner][vc_column_inner width=&#8221;1\/3&#8243;]<div class='dt-sc-icon-box type8 no-icon-bg'><div class=\"icon-wrapper\"><span class='fa fa-tags'> <\/span><\/div><div class=\"icon-content\"><h5>PREZZO CHIRURGIA<\/h5><h4>Da 6.000\u20ac a 8.000\u20ac<\/h4><p><\/p><\/div><\/div>[\/vc_column_inner][vc_column_inner width=&#8221;1\/3&#8243;]<div class='dt-sc-icon-box type8 no-icon-bg'><div class=\"icon-wrapper\"><span class='fa fa-heartbeat'> <\/span><\/div><div class=\"icon-content\"><h5>DEGENZA<\/h5><h4>Day Surgery o overnight in clinica<\/h4><p><\/p><\/div><\/div>[\/vc_column_inner][vc_column_inner width=&#8221;1\/3&#8243;]<div class='dt-sc-icon-box type8 no-icon-bg'><div class=\"icon-wrapper\"><span class='fa fa-clock-o'> <\/span><\/div><div class=\"icon-content\"><h5>DURATA OPERAZIONE<\/h5><h4>1 ora e 30 minuti<\/h4><p><\/p><\/div><\/div>[\/vc_column_inner][vc_column_inner][\/vc_column_inner][\/vc_row_inner][vc_row_inner el_id=&#8221;four&#8221; css=&#8221;.vc_custom_1462777191544{margin-bottom: 0px !important;}&#8221;][vc_column_inner][vc_empty_space height=&#8221;45px&#8221;][vc_column_text el_class=&#8221;inherit&#8221;]<\/p>\n","protected":false},"excerpt":{"rendered":"<p>[vc_row el_class=&#8221;dt_procedures&#8221;][vc_column width=&#8221;1\/3&#8243;][\/vc_column][vc_column width=&#8221;2\/3&#8243;][vc_row_inner el_id=&#8221;one&#8221;][vc_column_inner width=&#8221;1\/3&#8243;][vc_single_image image=&#8221;10251&#8243; img_size=&#8221;full&#8221; alignment=&#8221;center&#8221;][\/vc_column_inner][vc_column_inner width=&#8221;1\/3&#8243;][vc_single_image image=&#8221;10252&#8243; img_size=&#8221;full&#8221; alignment=&#8221;center&#8221;][\/vc_column_inner][vc_column_inner width=&#8221;1\/3&#8243;][vc_single_image image=&#8221;10255&#8243; img_size=&#8221;full&#8221; alignment=&#8221;center&#8221;][\/vc_column_inner][\/vc_row_inner][vc_column_text el_class=&#8221;inherit&#8221; css=&#8221;.vc_custom_1553705049054{margin-top: 5px !important;}&#8221;] Chirurgia estetica per la donna [vc_empty_space height=&#8221;5px&#8221;] La chirurgia estetica \u00e8 un\u2019arte e come tale deve rispettare le proporzioni del corpo e correggerle quando non sono in armonia tra di loro. Le dimensioni del [&hellip;]<\/p>\n","protected":false},"author":1,"featured_media":0,"parent":0,"menu_order":0,"comment_status":"closed","ping_status":"closed","template":"","meta":{"_bbp_topic_count":0,"_bbp_reply_count":0,"_bbp_total_topic_count":0,"_bbp_total_reply_count":0,"_bbp_voice_count":0,"_bbp_anonymous_reply_count":0,"_bbp_topic_count_hidden":0,"_bbp_reply_count_hidden":0,"_bbp_forum_subforum_count":0,"_mi_skip_tracking":false},"acf":[],"_links":{"self":[{"href":"https:\/\/crabaisurgery.com\/it\/wp-json\/wp\/v2\/pages\/11193"}],"collection":[{"href":"https:\/\/crabaisurgery.com\/it\/wp-json\/wp\/v2\/pages"}],"about":[{"href":"https:\/\/crabaisurgery.com\/it\/wp-json\/wp\/v2\/types\/page"}],"author":[{"embeddable":true,"href":"https:\/\/crabaisurgery.com\/it\/wp-json\/wp\/v2\/users\/1"}],"replies":[{"embeddable":true,"href":"https:\/\/crabaisurgery.com\/it\/wp-json\/wp\/v2\/comments?post=11193"}],"version-history":[{"count":11,"href":"https:\/\/crabaisurgery.com\/it\/wp-json\/wp\/v2\/pages\/11193\/revisions"}],"predecessor-version":[{"id":11620,"href":"https:\/\/crabaisurgery.com\/it\/wp-json\/wp\/v2\/pages\/11193\/revisions\/11620"}],"wp:attachment":[{"href":"https:\/\/crabaisurgery.com\/it\/wp-json\/wp\/v2\/media?parent=11193"}],"curies":[{"name":"wp","href":"https:\/\/api.w.org\/{rel}","templated":true}]}}