{"id":10935,"date":"2018-04-10T11:56:02","date_gmt":"2018-04-10T09:56:02","guid":{"rendered":"https:\/\/crabaisurgery.com\/man-cosmetic-surgery\/"},"modified":"2019-03-28T15:45:41","modified_gmt":"2019-03-28T14:45:41","slug":"medicina-estetica-maschile","status":"publish","type":"page","link":"https:\/\/crabaisurgery.com\/it\/medicina-estetica-maschile\/","title":{"rendered":"Medicina Estetica Maschile"},"content":{"rendered":"<p>[vc_row el_class=&#8221;dt_procedures&#8221;][vc_column width=&#8221;1\/3&#8243;]<ul class=\"dt-sc-vertical-nav \"><li><a href=\"#one\">Medicina Estetica Maschile<\/a><\/li><li><a href=\"#two\">Il viso dell'uomo<\/a><\/li><li><a href=\"#three\">Il profilo del viso<\/a><\/li><li><a href=\"#four\">Naso<\/a><\/li><li><a href=\"#five\">Labbra<\/a><\/li><li><a href=\"#six\">Calvizie<\/a><\/li><li><a href=\"#eight\">Occhi e Palpebre<\/a><\/li><\/ul>[\/vc_column][vc_column width=&#8221;2\/3&#8243;][vc_row_inner el_id=&#8221;one&#8221;][vc_column_inner width=&#8221;1\/3&#8243;][vc_single_image image=&#8221;10270&#8243; img_size=&#8221;full&#8221; alignment=&#8221;center&#8221;][\/vc_column_inner][vc_column_inner width=&#8221;1\/3&#8243;][vc_single_image image=&#8221;10271&#8243; img_size=&#8221;full&#8221; alignment=&#8221;center&#8221;][\/vc_column_inner][vc_column_inner width=&#8221;1\/3&#8243;][vc_single_image image=&#8221;10269&#8243; img_size=&#8221;full&#8221; alignment=&#8221;center&#8221;][\/vc_column_inner][\/vc_row_inner][vc_column_text el_class=&#8221;inherit&#8221; css=&#8221;.vc_custom_1523374948203{margin-top: 5px !important;}&#8221;]<\/p>\n<h3><strong>Medicina Estetica Maschile<\/strong><\/h3>\n<p>[vc_empty_space height=&#8221;5px&#8221;]<\/p>\n<p>Principalmente la chirurgia estetica\u00a0 maschile si differenzia da quella femminile per due elementi il miglioramento dell\u2019aspetto fisico e il trattamento dell\u2019 invecchiamento .<\/p>\n<p>Fattori ereditari , il fumo , le variazioni del peso l\u2019 eccessiva esposizione al sole e\u00a0 lo stile di vita possono agire sull\u2019aspetto fisico .<br \/>\nLe pi\u00f9 grandi differenze tra la chirurgia estetica maschile da quella femminile dipendono dallo spessore della pelle la distribuzione del grasso e i capelli ; tutte queste condizioni fanno si che nelle tecniche chirurgiche si debbano utilizzare diversi accorgimenti nelle tecniche., e che i protocolli postoperatori siano differenti.<\/p>\n<p>Le procedure chirurgiche sono le stesse ma le tecniche sono differenti e quindi devono essere adattate .<\/p>\n<p>&nbsp;<\/p>\n<p>[\/vc_column_text][vc_row_inner el_id=&#8221;two&#8221; css=&#8221;.vc_custom_1462774436952{margin-top: 60px !important;}&#8221;][vc_column_inner][vc_column_text el_class=&#8221;inherit&#8221;]<\/p>\n<h3><strong>Il viso dell&#8217;uomo<br \/>\n<\/strong><\/h3>\n<p>[vc_empty_space height=&#8221;5px&#8221;]<\/p>\n<p>Fondamentalmente nell\u2019 uomo \u00e8 importante l\u2019espressivit\u00e0 del volto.<br \/>\nLe linee e i tessuti del viso devono essere proporzionati e non si devono discostare dall\u2019originale .<br \/>\nLe labbra devono essere piene ma non essere eccessivamente riempite per no perdere la virilit\u00e0.<br \/>\nIl naso deve essere proporzionato al viso e deve concorrere ad esprimere personalit\u00e0.<br \/>\nGli occhi devono mantenere l\u2019espressione .<br \/>\nLe sopracciglia devono essere spesse e lineari .<br \/>\nLa struttura scheletrica deve essere ben definita evidenziando zigomi e mento<\/p>\n<p>[\/vc_column_text][\/vc_column_inner][\/vc_row_inner][vc_row_inner el_id=&#8221;three&#8221; css=&#8221;.vc_custom_1523439391690{margin-top: 60px !important;}&#8221;][vc_column_inner][vc_column_text el_class=&#8221;inherit&#8221;]<\/p>\n<h3><strong>Il profilo del viso<br \/>\n<\/strong><\/h3>\n<p>[vc_empty_space height=&#8221;5px&#8221;]<\/p>\n<p>Spesso il profilo di un uomo deve essere corretto aumentando la proiezione degli zigomi o ridefinendo la mandibola per avere un aspetto pi\u00f9 virile .<br \/>\nPer ottenere questo risultato non c\u2019\u00e8 bisogno di alcuna chirurgia con i filler \u00e8 infatti possibile aumentare i volumi a piacimento e scolpire il viso .<\/p>\n<p>[\/vc_column_text][\/vc_column_inner][\/vc_row_inner][vc_row_inner el_id=&#8221;four&#8221; css=&#8221;.vc_custom_1523439518336{margin-top: 60px !important;}&#8221;][vc_column_inner][vc_column_text el_class=&#8221;inherit&#8221;]<\/p>\n<h3>Naso<\/h3>\n<p>[vc_empty_space height=&#8221;5px&#8221;]<\/p>\n<p>Il naso maschile necessita di essere proporzionato al viso . Una riduzione eccessiva talvolta toglie al viso importanza e personalit\u00e0 , quindi il chirurgo esperto in questa chirurgia dovr\u00e0 cercare di diminuire i difetti ma non eliminare i punti di maggiore rilevanza come la lunghezza e lo spessore delle parti ossee e cartilaginee facendo si che siano proporzionate al viso<\/p>\n<p>L\u2019 intervento di rinoplastica si svolge in anestesia locale o totale ; dopo il primo giorno in cui vengono mantenuti dei tamponi dentro il naso la respirazione ritorna normale\u00a0 e dopo 7\/10 giorni di contenzione della struttura nasale con uno splint metallico si torna alla normalit\u00e0.<\/p>\n<p>[\/vc_column_text][\/vc_column_inner][\/vc_row_inner][vc_row_inner el_id=&#8221;five&#8221; css=&#8221;.vc_custom_1523439752105{margin-top: 60px !important;}&#8221;][vc_column_inner][vc_column_text el_class=&#8221;inherit&#8221;]<\/p>\n<h3>Labbra<\/h3>\n<p>[vc_empty_space height=&#8221;5px&#8221;]<\/p>\n<p>Normalmente le labbra dell\u2019 uomo come quelle della donna con l\u2019 andare degli anni si assottigliano e quindi necessitano di essere riempite leggermente specie nella loro paqrte laterale pi\u00f9 che nella loro parte centrale . Quello che si ricerca non \u00e8 il volume ma la definizione .<\/p>\n<p>[\/vc_column_text][\/vc_column_inner][\/vc_row_inner][vc_row_inner][vc_column_inner width=&#8221;1\/3&#8243;]<div class='dt-sc-icon-box type8 no-icon-bg'><div class=\"icon-wrapper\"><span class='fa fa-tags'> <\/span><\/div><div class=\"icon-content\"><h5>COSTO INTERVENTO<\/h5><h4>300\u20ac - 600\u20ac per ogni applicazione<\/h4><p><\/p><\/div><\/div>[\/vc_column_inner][vc_column_inner width=&#8221;1\/3&#8243;]<div class='dt-sc-icon-box type8 no-icon-bg'><div class=\"icon-wrapper\"><span class='fa fa-heartbeat'> <\/span><\/div><div class=\"icon-content\"><h5>DEGENZA<\/h5><h4>Day Surgery <\/h4><p><\/p><\/div><\/div>[\/vc_column_inner][vc_column_inner width=&#8221;1\/3&#8243;]<div class='dt-sc-icon-box type8 no-icon-bg'><div class=\"icon-wrapper\"><span class='fa fa-clock-o'> <\/span><\/div><div class=\"icon-content\"><h5>DURATA INTERVENTO<\/h5><h4>20 minuti<\/h4><p><\/p><\/div><\/div>[\/vc_column_inner][\/vc_row_inner][vc_row_inner el_id=&#8221;six&#8221; css=&#8221;.vc_custom_1523440315645{margin-top: 60px !important;}&#8221;][vc_column_inner][vc_column_text el_class=&#8221;inherit&#8221;]<\/p>\n<h3><strong>Calvizie<\/strong><\/h3>\n<p>[vc_empty_space height=&#8221;5px&#8221;]<\/p>\n<p>La calvizie affligge un uomo su tre in et\u00e0 giovanile mentre in et\u00e0 pi\u00f9 avanzata la proporzione aumenta . Tale problematica in alcuni casi pu\u00f2 avere anche dei risvolti psicologici e suo condizionale a vita .<\/p>\n<p>In fase iniziale conviene effettuare dei trattamenti rivitalizzanti il cuoio capelluto con lozioni , shampoo adatti e PRP . Queste ultime sono molto efficaci per potenziare la struttura del capello e per renderlo pi\u00f9 resistente .<\/p>\n<p>La scelta chirurgica \u00e8 oggi molto pi\u00f9 semplice rispetto al un tempo quando solo tramite una striscia di cuoio capelluto della regione dorsale si potevano prelevare i capelli e dopo segmentazione e frazionamento della stessa trapiantarli nella zona interessata .<\/p>\n<p>oggi tramite al tecnica FUE\u00a0 \u00e8\u00a0 possibile\u00a0 prelevare il singolo bulbo senza creare cicatrici della regione occipitale .<\/p>\n<p>Con questa tecnica possibile effettuare fino a 2\/ 3 mila impianti anche in una seduta .<\/p>\n<p>L\u2019 intervento richiede alcune ore ma in anestesia locale dove il paziente pu\u00f2 anche ascoltare la musica o leggere .<\/p>\n<p>Dopo la prima settimana in cui bisogna essere attenti alla zona impiantata la vita sociale torna alla normalit\u00e0<\/p>\n<p>[\/vc_column_text][\/vc_column_inner][\/vc_row_inner][vc_row_inner][vc_column_inner width=&#8221;1\/3&#8243;]<div class='dt-sc-icon-box type8 no-icon-bg'><div class=\"icon-wrapper\"><span class='fa fa-tags'> <\/span><\/div><div class=\"icon-content\"><h5>COSTO INTERVENTO<\/h5><h4>Da 3500\u20ac a 7500\u20ac<\/h4><p><\/p><\/div><\/div>[\/vc_column_inner][vc_column_inner width=&#8221;1\/3&#8243;]<div class='dt-sc-icon-box type8 no-icon-bg'><div class=\"icon-wrapper\"><span class='fa fa-heartbeat'> <\/span><\/div><div class=\"icon-content\"><h5>DEGENZA<\/h5><h4>Day Surgery <\/h4><p><\/p><\/div><\/div>[\/vc_column_inner][vc_column_inner width=&#8221;1\/3&#8243;]<div class='dt-sc-icon-box type8 no-icon-bg'><div class=\"icon-wrapper\"><span class='fa fa-clock-o'> <\/span><\/div><div class=\"icon-content\"><h5>DURATA INTERVENTO<\/h5><h4>Da 1 a 3 ore<\/h4><p><\/p><\/div><\/div>[\/vc_column_inner][\/vc_row_inner][vc_row_inner el_id=&#8221;seven&#8221; css=&#8221;.vc_custom_1523440998389{margin-top: 60px !important;}&#8221;][vc_column_inner][vc_column_text el_class=&#8221;inherit&#8221;]<\/p>\n<h3><strong>Occhi e Palpebre<br \/>\n<\/strong><\/h3>\n<p>[vc_empty_space height=&#8221;5px&#8221;]<\/p>\n<p>Il primo segno d\u2019invecchiamento del viso \u00e8 l\u2019appesantimento della palpebra superiore e dello sguardo . rispetto alla donna le palpebre dell\u2019uomo sono pi\u00f9 scese e l\u2019 orientamento della rima palpebrale \u00e8 lineare o negativa a causa dello spessore cutaneo. Per questo motivo lo sguardo dell\u2019 uomo invecchia precocemente rispetto a quello della donna .<\/p>\n<p>Anche le sopracciglia tendono a scendere verso il basso e chiudere ancora di pi\u00f9 lo sguardo .<\/p>\n<p>L\u2019 intervento di Blefaroplastica risolve queste situazioni anti estetiche. L\u2019intervento si svolge in anestesia locale e non richiede ricovero in clinica . Dopo 5\u00a0 giorni in cui si pu\u00f2 proseguire la propria attivit\u00e0 , legger , guidare ,si rimuovono i punti\u00a0 e non c\u2019\u00e8 altro da fare . Un breve periodo per avere uno sguardo ringiovanito<\/p>\n<p>[\/vc_column_text][\/vc_column_inner][\/vc_row_inner][\/vc_column][\/vc_row]<\/p>\n","protected":false},"excerpt":{"rendered":"<p>[vc_row el_class=&#8221;dt_procedures&#8221;][vc_column width=&#8221;1\/3&#8243;][\/vc_column][vc_column width=&#8221;2\/3&#8243;][vc_row_inner el_id=&#8221;one&#8221;][vc_column_inner width=&#8221;1\/3&#8243;][vc_single_image image=&#8221;10270&#8243; img_size=&#8221;full&#8221; alignment=&#8221;center&#8221;][\/vc_column_inner][vc_column_inner width=&#8221;1\/3&#8243;][vc_single_image image=&#8221;10271&#8243; img_size=&#8221;full&#8221; alignment=&#8221;center&#8221;][\/vc_column_inner][vc_column_inner width=&#8221;1\/3&#8243;][vc_single_image image=&#8221;10269&#8243; img_size=&#8221;full&#8221; alignment=&#8221;center&#8221;][\/vc_column_inner][\/vc_row_inner][vc_column_text el_class=&#8221;inherit&#8221; css=&#8221;.vc_custom_1523374948203{margin-top: 5px !important;}&#8221;] Medicina Estetica Maschile [vc_empty_space height=&#8221;5px&#8221;] Principalmente la chirurgia estetica\u00a0 maschile si differenzia da quella femminile per due elementi il miglioramento dell\u2019aspetto fisico e il trattamento dell\u2019 invecchiamento . Fattori ereditari , il fumo , [&hellip;]<\/p>\n","protected":false},"author":1,"featured_media":0,"parent":0,"menu_order":0,"comment_status":"closed","ping_status":"closed","template":"","meta":{"_bbp_topic_count":0,"_bbp_reply_count":0,"_bbp_total_topic_count":0,"_bbp_total_reply_count":0,"_bbp_voice_count":0,"_bbp_anonymous_reply_count":0,"_bbp_topic_count_hidden":0,"_bbp_reply_count_hidden":0,"_bbp_forum_subforum_count":0,"_mi_skip_tracking":false},"acf":[],"_links":{"self":[{"href":"https:\/\/crabaisurgery.com\/it\/wp-json\/wp\/v2\/pages\/10935"}],"collection":[{"href":"https:\/\/crabaisurgery.com\/it\/wp-json\/wp\/v2\/pages"}],"about":[{"href":"https:\/\/crabaisurgery.com\/it\/wp-json\/wp\/v2\/types\/page"}],"author":[{"embeddable":true,"href":"https:\/\/crabaisurgery.com\/it\/wp-json\/wp\/v2\/users\/1"}],"replies":[{"embeddable":true,"href":"https:\/\/crabaisurgery.com\/it\/wp-json\/wp\/v2\/comments?post=10935"}],"version-history":[{"count":5,"href":"https:\/\/crabaisurgery.com\/it\/wp-json\/wp\/v2\/pages\/10935\/revisions"}],"predecessor-version":[{"id":10941,"href":"https:\/\/crabaisurgery.com\/it\/wp-json\/wp\/v2\/pages\/10935\/revisions\/10941"}],"wp:attachment":[{"href":"https:\/\/crabaisurgery.com\/it\/wp-json\/wp\/v2\/media?parent=10935"}],"curies":[{"name":"wp","href":"https:\/\/api.w.org\/{rel}","templated":true}]}}